{"id":1624,"date":"2018-12-02T14:16:01","date_gmt":"2018-12-02T16:16:01","guid":{"rendered":"http:\/\/www.vimetal.com.br\/site\/?page_id=1624"},"modified":"2025-04-10T20:08:20","modified_gmt":"2025-04-10T23:08:20","slug":"qualidade-e-logistica","status":"publish","type":"page","link":"https:\/\/www.vimetal.com.br\/site\/qualidade-e-logistica\/","title":{"rendered":"Qualidade e Log\u00edstica"},"content":{"rendered":"<div class=\"wpb-content-wrapper\"><p>[vc_row full_width=&#8221;stretch_row&#8221; css=&#8221;.vc_custom_1543758053684{margin-top: 0px !important;margin-bottom: 0px !important;padding-top: 0px !important;padding-bottom: 0px !important;background-image: url(http:\/\/www.vimetal.com.br\/site\/wp-content\/uploads\/2017\/02\/bg-breadcrumb.jpg?id=1535) !important;}&#8221;][vc_column][vc_column_text]<\/p>\n<h2 style=\"font-size: 25px; color: #ffffff; text-align: left; font-family: Fira Sans; font-weight: 400; font-style: normal;\">A VIMETAL \u00bb <span style=\"font-weight: 500 !important;\">QUALIDADE E LOG\u00cdSTICA<\/span><\/h2>\n<p>[\/vc_column_text][\/vc_column][\/vc_row][vc_section full_width=&#8221;stretch_row&#8221; css=&#8221;.vc_custom_1543767455657{padding-top: 60px !important;padding-bottom: 40px !important;background-color: #f4f2f2 !important;}&#8221;][vc_row][vc_column width=&#8221;1\/4&#8243;][vc_widget_sidebar sidebar_id=&#8221;services-sidebar&#8221; el_id=&#8221;menu-a-vimetal&#8221;][\/vc_column][vc_column width=&#8221;3\/4&#8243; css=&#8221;.vc_custom_1543766329690{margin-left: 30px !important;}&#8221;][vc_column_text css=&#8221;&#8221; el_class=&#8221;texto-interno&#8221;]A <span class=\"highlight-text\">Vimetal<\/span> trabalha para garantir excel\u00eancia nos produtos comercializados e servi\u00e7os prestados. N\u00f3s oferecemos os melhores produtos, com a qualidade desde que seu neg\u00f3cio merece, desde o momento da cota\u00e7\u00e3o at\u00e9 a entrega.<\/p>\n<p>Todos os nossos produtos s\u00e3o <span class=\"highlight-text\">certificados<\/span> e produzidos pelos maiores e melhores fornecedores do ramo.<\/p>\n<p>Possu\u00edmos o maior e mais completo estoque de produtos sider\u00fargicos e industriais da Grande Vit\u00f3ria e uma frota particular de caminh\u00f5es que entregam no Esp\u00edrito Santo e em todo o Brasil.<\/p>\n<p>Nosso <span class=\"highlight-text\">sistema de log\u00edstica<\/span> foi organizado para que voc\u00ea receba seu pedido em tempo h\u00e1bil e nossa qualidade \u00e9 comprovada atrav\u00e9s da Certifica\u00e7\u00e3o do Sistema de Gest\u00e3o da Qualidade (Matriz) NBR ISO 9001:2015 e CRCC Petrobras.[\/vc_column_text][\/vc_column][\/vc_row][\/vc_section]<\/p>\n<\/div>","protected":false},"excerpt":{"rendered":"<p>[vc_row full_width=&#8221;stretch_row&#8221; css=&#8221;.vc_custom_1543758053684{margin-top: 0px !important;margin-bottom: 0px !important;padding-top: 0px !important;padding-bottom: 0px !important;background-image: url(http:\/\/www.vimetal.com.br\/site\/wp-content\/uploads\/2017\/02\/bg-breadcrumb.jpg?id=1535) !important;}&#8221;][vc_column][vc_column_text] A VIMETAL \u00bb QUALIDADE E LOG\u00cdSTICA [\/vc_column_text][\/vc_column][\/vc_row][vc_section full_width=&#8221;stretch_row&#8221; css=&#8221;.vc_custom_1543767455657{padding-top: 60px !important;padding-bottom: 40px !important;background-color: #f4f2f2 !important;}&#8221;][vc_row][vc_column width=&#8221;1\/4&#8243;][vc_widget_sidebar sidebar_id=&#8221;services-sidebar&#8221; el_id=&#8221;menu-a-vimetal&#8221;][\/vc_column][vc_column width=&#8221;3\/4&#8243; css=&#8221;.vc_custom_1543766329690{margin-left: 30px !important;}&#8221;][vc_column_text css=&#8221;&#8221; el_class=&#8221;texto-interno&#8221;]A Vimetal trabalha para garantir excel\u00eancia nos produtos comercializados e servi\u00e7os prestados. N\u00f3s oferecemos os melhores produtos, com a qualidade desde que seu neg\u00f3cio merece, desde o momento da cota\u00e7\u00e3o at\u00e9 a entrega. Todos os nossos produtos s\u00e3o certificados e produzidos pelos maiores e melhores fornecedores do ramo. Possu\u00edmos o maior e mais completo estoque de produtos sider\u00fargicos e industriais da Grande Vit\u00f3ria e uma frota particular de caminh\u00f5es que entregam no Esp\u00edrito Santo e em todo o Brasil. Nosso sistema de log\u00edstica foi organizado para que voc\u00ea receba seu pedido em tempo h\u00e1bil e nossa qualidade \u00e9 comprovada atrav\u00e9s da Certifica\u00e7\u00e3o do Sistema de Gest\u00e3o da Qualidade (Matriz) NBR ISO 9001:2015 e CRCC Petrobras.[\/vc_column_text][\/vc_column][\/vc_row][\/vc_section]<\/p>\n","protected":false},"author":1,"featured_media":0,"parent":0,"menu_order":8,"comment_status":"closed","ping_status":"closed","template":"","meta":{"footnotes":""},"class_list":["post-1624","page","type-page","status-publish","hentry"],"_links":{"self":[{"href":"https:\/\/www.vimetal.com.br\/site\/wp-json\/wp\/v2\/pages\/1624","targetHints":{"allow":["GET"]}}],"collection":[{"href":"https:\/\/www.vimetal.com.br\/site\/wp-json\/wp\/v2\/pages"}],"about":[{"href":"https:\/\/www.vimetal.com.br\/site\/wp-json\/wp\/v2\/types\/page"}],"author":[{"embeddable":true,"href":"https:\/\/www.vimetal.com.br\/site\/wp-json\/wp\/v2\/users\/1"}],"replies":[{"embeddable":true,"href":"https:\/\/www.vimetal.com.br\/site\/wp-json\/wp\/v2\/comments?post=1624"}],"version-history":[{"count":7,"href":"https:\/\/www.vimetal.com.br\/site\/wp-json\/wp\/v2\/pages\/1624\/revisions"}],"predecessor-version":[{"id":2563,"href":"https:\/\/www.vimetal.com.br\/site\/wp-json\/wp\/v2\/pages\/1624\/revisions\/2563"}],"wp:attachment":[{"href":"https:\/\/www.vimetal.com.br\/site\/wp-json\/wp\/v2\/media?parent=1624"}],"curies":[{"name":"wp","href":"https:\/\/api.w.org\/{rel}","templated":true}]}}