{"id":385,"date":"2017-02-27T08:34:51","date_gmt":"2017-02-27T08:34:51","guid":{"rendered":"http:\/\/wp4.imithemes.com\/tentered\/?page_id=385"},"modified":"2025-04-10T20:07:33","modified_gmt":"2025-04-10T23:07:33","slug":"nossa-historia","status":"publish","type":"page","link":"https:\/\/www.vimetal.com.br\/site\/nossa-historia\/","title":{"rendered":"Nossa Hist\u00f3ria"},"content":{"rendered":"<div class=\"wpb-content-wrapper\"><p>[vc_row full_width=&#8221;stretch_row&#8221; css=&#8221;.vc_custom_1543758053684{margin-top: 0px !important;margin-bottom: 0px !important;padding-top: 0px !important;padding-bottom: 0px !important;background-image: url(http:\/\/www.vimetal.com.br\/site\/wp-content\/uploads\/2017\/02\/bg-breadcrumb.jpg?id=1535) !important;}&#8221;][vc_column][vc_column_text]<\/p>\n<h2 style=\"font-size: 25px; color: #ffffff; text-align: left; font-family: Fira Sans; font-weight: 400; font-style: normal;\">A VIMETAL \u00bb <span style=\"font-weight: 500 !important;\">NOSSA HIST\u00d3RIA<\/span><\/h2>\n<p>[\/vc_column_text][\/vc_column][\/vc_row][vc_section full_width=&#8221;stretch_row&#8221; css=&#8221;.vc_custom_1543767526879{padding-top: 60px !important;padding-bottom: 40px !important;background-color: #f4f2f2 !important;}&#8221;][vc_row][vc_column width=&#8221;1\/4&#8243;][vc_widget_sidebar sidebar_id=&#8221;services-sidebar&#8221; el_id=&#8221;menu-a-vimetal&#8221;][\/vc_column][vc_column width=&#8221;3\/4&#8243; css=&#8221;.vc_custom_1543766329690{margin-left: 30px !important;}&#8221;][vc_column_text css=&#8221;&#8221; el_class=&#8221;texto-interno&#8221;]Presente no mercado capixaba e atuando no ramo sider\u00fargico e industrial desde 1995, a <span class=\"highlight-text\">Vimetal<\/span> busca cada vez mais estar pr\u00f3xima do seu cliente oferecendo <span class=\"highlight-text\">qualidade<\/span> e variedade em produtos, sempre atrelados a excel\u00eancia em atendimento.<\/p>\n<p>A <span class=\"highlight-text\">Vimetal<\/span> atua fortemente no ramo do a\u00e7o e disponibiliza uma gama de linhas de produtos para todo o segmento industrial, naval, de minera\u00e7\u00e3o, da celulose, de siderurgia, da metalmec\u00e2nica e da constru\u00e7\u00e3o civil, sempre provendo solu\u00e7\u00f5es inovadoras e competitivas para o seu neg\u00f3cio.<\/p>\n<p>Com uma \u00e1rea de mais de 18.000 m\u00b2 e toda infraestrutura e log\u00edstica, a <span class=\"highlight-text\">Vimetal<\/span> est\u00e1 sempre pronta para atender as empresas do Esp\u00edrito Santo e de todo o Brasil. Nosso maior objetivo \u00e9 prover solu\u00e7\u00f5es para o seu neg\u00f3cio. E para isso, aprimoramos constantemente nossos processos.<\/p>\n<p>Somos <span class=\"highlight-text\">qualificados<\/span> com a Certifica\u00e7\u00e3o do Sistema de Gest\u00e3o da Qualidade (Matriz) NBR ISO 9001:2015 e CRCC Petrobras.[\/vc_column_text][vc_empty_space height=&#8221;15&#8243;][vc_column_text]<span style=\"font-size: 20px; font-weight: bold; color: #bbbbbb;\">\u00bb<\/span>\u00a0<span class=\"highlight-text\" style=\"font-size: 20px;\">LINHA DO TEMPO<\/span>[\/vc_column_text][vc_empty_space height=&#8221;15&#8243;][vc_single_image image=&#8221;1631&#8243; img_size=&#8221;full&#8221; alignment=&#8221;center&#8221;][\/vc_column][\/vc_row][\/vc_section]<\/p>\n<\/div>","protected":false},"excerpt":{"rendered":"<p>[vc_row full_width=&#8221;stretch_row&#8221; css=&#8221;.vc_custom_1543758053684{margin-top: 0px !important;margin-bottom: 0px !important;padding-top: 0px !important;padding-bottom: 0px !important;background-image: url(http:\/\/www.vimetal.com.br\/site\/wp-content\/uploads\/2017\/02\/bg-breadcrumb.jpg?id=1535) !important;}&#8221;][vc_column][vc_column_text] A VIMETAL \u00bb NOSSA HIST\u00d3RIA [\/vc_column_text][\/vc_column][\/vc_row][vc_section full_width=&#8221;stretch_row&#8221; css=&#8221;.vc_custom_1543767526879{padding-top: 60px !important;padding-bottom: 40px !important;background-color: #f4f2f2 !important;}&#8221;][vc_row][vc_column width=&#8221;1\/4&#8243;][vc_widget_sidebar sidebar_id=&#8221;services-sidebar&#8221; el_id=&#8221;menu-a-vimetal&#8221;][\/vc_column][vc_column width=&#8221;3\/4&#8243; css=&#8221;.vc_custom_1543766329690{margin-left: 30px !important;}&#8221;][vc_column_text css=&#8221;&#8221; el_class=&#8221;texto-interno&#8221;]Presente no mercado capixaba e atuando no ramo sider\u00fargico e industrial desde 1995, a Vimetal busca cada vez mais estar pr\u00f3xima do seu cliente oferecendo qualidade e variedade em produtos, sempre atrelados a excel\u00eancia em atendimento. A Vimetal atua fortemente no ramo do a\u00e7o e disponibiliza uma gama de linhas de produtos para todo o segmento industrial, naval, de minera\u00e7\u00e3o, da celulose, de siderurgia, da metalmec\u00e2nica e da constru\u00e7\u00e3o civil, sempre provendo solu\u00e7\u00f5es inovadoras e competitivas para o seu neg\u00f3cio. Com uma \u00e1rea de mais de 18.000 m\u00b2 e toda infraestrutura e log\u00edstica, a Vimetal est\u00e1 sempre pronta para atender as empresas do Esp\u00edrito Santo e de todo o Brasil. Nosso maior objetivo \u00e9 prover solu\u00e7\u00f5es para o seu neg\u00f3cio. E para isso, aprimoramos constantemente nossos processos. Somos qualificados com a Certifica\u00e7\u00e3o do Sistema de Gest\u00e3o da Qualidade (Matriz) NBR ISO 9001:2015 e CRCC Petrobras.[\/vc_column_text][vc_empty_space height=&#8221;15&#8243;][vc_column_text]\u00bb\u00a0LINHA DO TEMPO[\/vc_column_text][vc_empty_space height=&#8221;15&#8243;][vc_single_image image=&#8221;1631&#8243; img_size=&#8221;full&#8221; alignment=&#8221;center&#8221;][\/vc_column][\/vc_row][\/vc_section]<\/p>\n","protected":false},"author":1,"featured_media":0,"parent":0,"menu_order":8,"comment_status":"closed","ping_status":"closed","template":"","meta":{"footnotes":""},"class_list":["post-385","page","type-page","status-publish","hentry"],"_links":{"self":[{"href":"https:\/\/www.vimetal.com.br\/site\/wp-json\/wp\/v2\/pages\/385","targetHints":{"allow":["GET"]}}],"collection":[{"href":"https:\/\/www.vimetal.com.br\/site\/wp-json\/wp\/v2\/pages"}],"about":[{"href":"https:\/\/www.vimetal.com.br\/site\/wp-json\/wp\/v2\/types\/page"}],"author":[{"embeddable":true,"href":"https:\/\/www.vimetal.com.br\/site\/wp-json\/wp\/v2\/users\/1"}],"replies":[{"embeddable":true,"href":"https:\/\/www.vimetal.com.br\/site\/wp-json\/wp\/v2\/comments?post=385"}],"version-history":[{"count":26,"href":"https:\/\/www.vimetal.com.br\/site\/wp-json\/wp\/v2\/pages\/385\/revisions"}],"predecessor-version":[{"id":2562,"href":"https:\/\/www.vimetal.com.br\/site\/wp-json\/wp\/v2\/pages\/385\/revisions\/2562"}],"wp:attachment":[{"href":"https:\/\/www.vimetal.com.br\/site\/wp-json\/wp\/v2\/media?parent=385"}],"curies":[{"name":"wp","href":"https:\/\/api.w.org\/{rel}","templated":true}]}}