{"id":569,"date":"2017-02-28T08:32:05","date_gmt":"2017-02-28T08:32:05","guid":{"rendered":"http:\/\/wp4.imithemes.com\/tentered\/?page_id=569"},"modified":"2024-01-12T10:10:33","modified_gmt":"2024-01-12T13:10:33","slug":"contato","status":"publish","type":"page","link":"https:\/\/www.vimetal.com.br\/site\/contato\/","title":{"rendered":"Contato"},"content":{"rendered":"<div class=\"wpb-content-wrapper\"><p>[vc_row full_width=&#8221;stretch_row&#8221; css=&#8221;.vc_custom_1543770858959{margin-top: 0px !important;padding-top: 0px !important;background-image: url(http:\/\/www.vimetal.com.br\/site\/wp-content\/uploads\/2017\/02\/bg-breadcrumb.jpg?id=1535) !important;}&#8221;][vc_column][vc_column_text]<\/p>\n<h2 style=\"font-size: 25px; color: #ffffff; text-align: left; font-family: Fira Sans; font-weight: 500 !important; font-style: normal;\">CONTATO<\/h2>\n<p>[\/vc_column_text][\/vc_column][\/vc_row][vc_row full_width=&#8221;stretch_row&#8221; css=&#8221;.vc_custom_1543772946825{padding-top: 40px !important;background-color: #f4f2f2 !important;}&#8221;][vc_column width=&#8221;1\/2&#8243; css=&#8221;.vc_custom_1543772084513{padding-top: 8px !important;padding-right: 60px !important;}&#8221;][vc_column_text]<span style=\"font-size: 20px; font-weight: bold; color: #bbbbbb;\">\u00bb<\/span>&nbsp;<span class=\"highlight-text\" style=\"font-size: 20px;\">Deseja falar com a gente?<\/span><\/p>\n<p><span style=\"font-weight: 400;\">Preencha o formul\u00e1rio abaixo e em breve responderemos seu contato.<\/span>[\/vc_column_text]\n<div class=\"wpcf7 no-js\" id=\"wpcf7-f1309-o1\" lang=\"en-US\" dir=\"ltr\" data-wpcf7-id=\"1309\">\n<div class=\"screen-reader-response\"><p role=\"status\" aria-live=\"polite\" aria-atomic=\"true\"><\/p> <ul><\/ul><\/div>\n<form action=\"\/site\/wp-json\/wp\/v2\/pages\/569#wpcf7-f1309-o1\" method=\"post\" class=\"wpcf7-form init\" aria-label=\"Contact form\" novalidate=\"novalidate\" data-status=\"init\">\n<div style=\"display: none;\">\n<input type=\"hidden\" name=\"_wpcf7\" value=\"1309\" \/>\n<input type=\"hidden\" name=\"_wpcf7_version\" value=\"6.0.6\" \/>\n<input type=\"hidden\" name=\"_wpcf7_locale\" value=\"en_US\" \/>\n<input type=\"hidden\" name=\"_wpcf7_unit_tag\" value=\"wpcf7-f1309-o1\" \/>\n<input type=\"hidden\" name=\"_wpcf7_container_post\" value=\"0\" \/>\n<input type=\"hidden\" name=\"_wpcf7_posted_data_hash\" value=\"\" \/>\n<input type=\"hidden\" name=\"_wpcf7_recaptcha_response\" value=\"\" \/>\n<\/div>\n<div class=\"row\">\n\t<div class=\"col-md-12\">\n\t\t<p><label> Nome (obrigat\u00f3rio)<\/label><br \/>\n<span class=\"wpcf7-form-control-wrap\" data-name=\"your-name\"><input size=\"40\" maxlength=\"400\" class=\"wpcf7-form-control wpcf7-text wpcf7-validates-as-required\" aria-required=\"true\" aria-invalid=\"false\" value=\"\" type=\"text\" name=\"your-name\" \/><\/span>\n\t\t<\/p>\n\t<\/div>\n\t<div class=\"col-md-12 space-top\">\n\t\t<p><label> E-mail (obrigat\u00f3rio)<\/label><br \/>\n<span class=\"wpcf7-form-control-wrap\" data-name=\"your-email\"><input size=\"40\" maxlength=\"400\" class=\"wpcf7-form-control wpcf7-email wpcf7-validates-as-required wpcf7-text wpcf7-validates-as-email\" aria-required=\"true\" aria-invalid=\"false\" value=\"\" type=\"email\" name=\"your-email\" \/><\/span>\n\t\t<\/p>\n\t<\/div>\n\t<div class=\"col-md-12 space-top\">\n\t\t<p><label> Telefone (obrigat\u00f3rio)<\/label><br \/>\n<span class=\"wpcf7-form-control-wrap\" data-name=\"number-22\"><input class=\"wpcf7-form-control wpcf7-number wpcf7-validates-as-number\" aria-invalid=\"false\" value=\"\" type=\"number\" name=\"number-22\" \/><\/span>\n\t\t<\/p>\n\t<\/div>\n\t<div class=\"col-md-12 space-top\">\n\t\t<p><label> Assunto<\/label><br \/>\n<span class=\"wpcf7-form-control-wrap\" data-name=\"your-subject\"><input size=\"40\" maxlength=\"400\" class=\"wpcf7-form-control wpcf7-text\" aria-invalid=\"false\" value=\"\" type=\"text\" name=\"your-subject\" \/><\/span>\n\t\t<\/p>\n\t<\/div>\n\t<div class=\"col-md-12 space-top\">\n\t\t<p><label> Sua mensagem<\/label><br \/>\n<span class=\"wpcf7-form-control-wrap\" data-name=\"your-message\"><textarea cols=\"40\" rows=\"10\" maxlength=\"2000\" class=\"wpcf7-form-control wpcf7-textarea\" aria-invalid=\"false\" name=\"your-message\"><\/textarea><\/span>\n\t\t<\/p>\n\t<\/div>\n\t<div class=\"col-md-12 space-top\">\n\t\t<p><input class=\"wpcf7-form-control wpcf7-submit has-spinner btn-primary btn-default\" type=\"submit\" value=\"Send\" \/>\n\t\t<\/p>\n\t<\/div>\n<\/div><div class=\"wpcf7-response-output\" aria-hidden=\"true\"><\/div>\n<\/form>\n<\/div>\n[\/vc_column][vc_column width=&#8221;1\/2&#8243;][vc_gmaps link=&#8221;#E-8_JTNDaWZyYW1lJTIwc3JjJTNEJTIyaHR0cHMlM0ElMkYlMkZ3d3cuZ29vZ2xlLmNvbSUyRm1hcHMlMkZlbWJlZCUzRnBiJTNEJTIxMW0xOCUyMTFtMTIlMjExbTMlMjExZDM3NDQuMjA4MzI1ODM1NDYyJTIxMmQtNDAuMjcyMjU3NTg1NjkyNjg1JTIxM2QtMjAuMjA4NjYyMzg2NDQ4MjkyJTIxMm0zJTIxMWYwJTIxMmYwJTIxM2YwJTIxM20yJTIxMWkxMDI0JTIxMmk3NjglMjE0ZjEzLjElMjEzbTMlMjExbTIlMjExczB4Yjc4YThmMTE4MjVhNGYlMjUzQTB4YmQ5OWM4OWM3M2NiNzI0NSUyMTJzVmltZXRhbCUyQkNvbWVyY2lhbCUyMTVlMCUyMTNtMiUyMTFzcHQtQlIlMjEyc2JyJTIxNHYxNTQzNzcwMzY2Mjg2JTIyJTIwd2lkdGglM0QlMjI2MDAlMjIlMjBoZWlnaHQlM0QlMjI0NTAlMjIlMjBmcmFtZWJvcmRlciUzRCUyMjAlMjIlMjBzdHlsZSUzRCUyMmJvcmRlciUzQTAlMjIlMjBhbGxvd2Z1bGxzY3JlZW4lM0UlM0MlMkZpZnJhbWUlM0U=&#8221; size=&#8221;700px&#8221;][\/vc_column][\/vc_row][vc_row full_width=&#8221;stretch_row&#8221; css=&#8221;.vc_custom_1543772983272{padding-bottom: 30px !important;background-color: #f4f2f2 !important;}&#8221;][vc_column][vc_separator border_width=&#8221;2&#8243;][vc_column_text css=&#8221;.vc_custom_1705064674893{padding-top: 30px !important;}&#8221;]<\/p>\n<p style=\"text-align: center; font-size: 18px;\"><span style=\"text-align: center; font-weight: 400;\">Nosso funcionamento \u00e9 de segunda a sexta, das<\/span> <span style=\"font-weight: 600; color: #1f4684;\">8h <\/span><span style=\"text-align: center; font-weight: 400;\">\u00e0s<\/span> <span style=\"font-weight: 600; color: #1f4684;\">18h<\/span><span style=\"text-align: center; font-weight: 400;\">. Se preferir, entre em contato conosco atrav\u00e9s dos meios abaixo:<\/span><\/p>\n<p style=\"text-align: center; font-size: 18px;\"><span style=\"text-align: center; font-weight: 400;\"><img decoding=\"async\" class=\"tel-vimetal\" src=\"http:\/\/www.vimetal.com.br\/site\/wp-content\/uploads\/2018\/12\/icon-tel.png\" alt=\"Telefone Vimetal\" \/> +55 27 3398-2222\u00a0 \u00a0 <img decoding=\"async\" class=\"tel-vimetal\" src=\"http:\/\/www.vimetal.com.br\/site\/wp-content\/uploads\/2018\/12\/icon-tel.png\" alt=\"Telefone Vimetal\" \/> +55 27 99645-0445 <img decoding=\"async\" class=\"mail-vimetal\" src=\"http:\/\/www.vimetal.com.br\/site\/wp-content\/uploads\/2018\/12\/icon-mail.png\" alt=\"E-mail Vimetal\" \/> <a href=\"mailto:contato@vimetal.com.br\">contato@vimetal.com.br <\/a><\/span><\/p>\n<p>[\/vc_column_text][\/vc_column][\/vc_row]<\/p>\n<\/div>","protected":false},"excerpt":{"rendered":"<p>[vc_row full_width=&#8221;stretch_row&#8221; css=&#8221;.vc_custom_1543770858959{margin-top: 0px !important;padding-top: 0px !important;background-image: url(http:\/\/www.vimetal.com.br\/site\/wp-content\/uploads\/2017\/02\/bg-breadcrumb.jpg?id=1535) !important;}&#8221;][vc_column][vc_column_text] CONTATO [\/vc_column_text][\/vc_column][\/vc_row][vc_row full_width=&#8221;stretch_row&#8221; css=&#8221;.vc_custom_1543772946825{padding-top: 40px !important;background-color: #f4f2f2 !important;}&#8221;][vc_column width=&#8221;1\/2&#8243; css=&#8221;.vc_custom_1543772084513{padding-top: 8px !important;padding-right: 60px !important;}&#8221;][vc_column_text]\u00bb&nbsp;Deseja falar com a gente? Preencha o formul\u00e1rio abaixo e em breve responderemos seu contato.[\/vc_column_text][\/vc_column][vc_column width=&#8221;1\/2&#8243;][vc_gmaps link=&#8221;#E-8_JTNDaWZyYW1lJTIwc3JjJTNEJTIyaHR0cHMlM0ElMkYlMkZ3d3cuZ29vZ2xlLmNvbSUyRm1hcHMlMkZlbWJlZCUzRnBiJTNEJTIxMW0xOCUyMTFtMTIlMjExbTMlMjExZDM3NDQuMjA4MzI1ODM1NDYyJTIxMmQtNDAuMjcyMjU3NTg1NjkyNjg1JTIxM2QtMjAuMjA4NjYyMzg2NDQ4MjkyJTIxMm0zJTIxMWYwJTIxMmYwJTIxM2YwJTIxM20yJTIxMWkxMDI0JTIxMmk3NjglMjE0ZjEzLjElMjEzbTMlMjExbTIlMjExczB4Yjc4YThmMTE4MjVhNGYlMjUzQTB4YmQ5OWM4OWM3M2NiNzI0NSUyMTJzVmltZXRhbCUyQkNvbWVyY2lhbCUyMTVlMCUyMTNtMiUyMTFzcHQtQlIlMjEyc2JyJTIxNHYxNTQzNzcwMzY2Mjg2JTIyJTIwd2lkdGglM0QlMjI2MDAlMjIlMjBoZWlnaHQlM0QlMjI0NTAlMjIlMjBmcmFtZWJvcmRlciUzRCUyMjAlMjIlMjBzdHlsZSUzRCUyMmJvcmRlciUzQTAlMjIlMjBhbGxvd2Z1bGxzY3JlZW4lM0UlM0MlMkZpZnJhbWUlM0U=&#8221; size=&#8221;700px&#8221;][\/vc_column][\/vc_row][vc_row full_width=&#8221;stretch_row&#8221; css=&#8221;.vc_custom_1543772983272{padding-bottom: 30px !important;background-color: #f4f2f2 !important;}&#8221;][vc_column][vc_separator border_width=&#8221;2&#8243;][vc_column_text css=&#8221;.vc_custom_1705064674893{padding-top: 30px !important;}&#8221;] Nosso funcionamento \u00e9 de segunda a sexta, das 8h \u00e0s 18h. Se preferir, entre em contato conosco atrav\u00e9s dos meios abaixo: +55 27 3398-2222\u00a0 \u00a0 +55 27 99645-0445 contato@vimetal.com.br [\/vc_column_text][\/vc_column][\/vc_row]<\/p>\n","protected":false},"author":1,"featured_media":0,"parent":0,"menu_order":14,"comment_status":"closed","ping_status":"closed","template":"","meta":{"footnotes":""},"class_list":["post-569","page","type-page","status-publish","hentry"],"_links":{"self":[{"href":"https:\/\/www.vimetal.com.br\/site\/wp-json\/wp\/v2\/pages\/569","targetHints":{"allow":["GET"]}}],"collection":[{"href":"https:\/\/www.vimetal.com.br\/site\/wp-json\/wp\/v2\/pages"}],"about":[{"href":"https:\/\/www.vimetal.com.br\/site\/wp-json\/wp\/v2\/types\/page"}],"author":[{"embeddable":true,"href":"https:\/\/www.vimetal.com.br\/site\/wp-json\/wp\/v2\/users\/1"}],"replies":[{"embeddable":true,"href":"https:\/\/www.vimetal.com.br\/site\/wp-json\/wp\/v2\/comments?post=569"}],"version-history":[{"count":40,"href":"https:\/\/www.vimetal.com.br\/site\/wp-json\/wp\/v2\/pages\/569\/revisions"}],"predecessor-version":[{"id":2560,"href":"https:\/\/www.vimetal.com.br\/site\/wp-json\/wp\/v2\/pages\/569\/revisions\/2560"}],"wp:attachment":[{"href":"https:\/\/www.vimetal.com.br\/site\/wp-json\/wp\/v2\/media?parent=569"}],"curies":[{"name":"wp","href":"https:\/\/api.w.org\/{rel}","templated":true}]}}